{"id":3,"date":"2023-01-25T12:32:10","date_gmt":"2023-01-25T12:32:10","guid":{"rendered":"https:\/\/utterronka.com\/?page_id=3"},"modified":"2025-09-21T15:40:24","modified_gmt":"2025-09-21T15:40:24","slug":"privacidad","status":"publish","type":"page","link":"https:\/\/utterronka.com\/eu\/privacidad\/","title":{"rendered":"Privacidad"},"content":{"rendered":"<div class=\"fusion-fullwidth fullwidth-box fusion-builder-row-1 fusion-flex-container nonhundred-percent-fullwidth non-hundred-percent-height-scrolling\" style=\"--awb-border-radius-top-left:0px;--awb-border-radius-top-right:0px;--awb-border-radius-bottom-right:0px;--awb-border-radius-bottom-left:0px;--awb-flex-wrap:wrap;\" ><div class=\"fusion-builder-row fusion-row fusion-flex-align-items-flex-start fusion-flex-content-wrap\" style=\"max-width:1393.6px;margin-left: calc(-4% \/ 2 );margin-right: calc(-4% \/ 2 );\"><div class=\"fusion-layout-column fusion_builder_column fusion-builder-column-0 fusion_builder_column_1_1 1_1 fusion-flex-column\" style=\"--awb-bg-size:cover;--awb-width-large:100%;--awb-margin-top-large:0px;--awb-spacing-right-large:1.92%;--awb-margin-bottom-large:0px;--awb-spacing-left-large:1.92%;--awb-width-medium:100%;--awb-spacing-right-medium:1.92%;--awb-spacing-left-medium:1.92%;--awb-width-small:100%;--awb-spacing-right-small:1.92%;--awb-spacing-left-small:1.92%;\"><div class=\"fusion-column-wrapper fusion-flex-justify-content-flex-start fusion-content-layout-column\"><div class=\"fusion-title title fusion-title-1 fusion-sep-none fusion-title-text fusion-title-size-one\"><h1 class=\"fusion-title-heading title-heading-left fusion-responsive-typography-calculated\" style=\"margin:0;text-transform:none;--fontSize:72;line-height:var(--awb-typography1-line-height);\"><h3>Pol\u00edtica de privacidad<\/h3><\/h1><\/div><div class=\"fusion-text fusion-text-1\"><p><strong>Responsable. \u00bfQui\u00e9n es el Responsable del tratamiento de datos?<\/strong><\/p>\n<p>Le informamos que Oria Sport Wear SL (en adelante Oria) es el titular de las web: www.utterronka.com, con CIF B75205732 y domicilio en Apatta Industrialdea, 28. 20400. Gipuzkoa. Pueden contactar por correo electr\u00f3nico: <a href=\"mailto:info@utterronka.om\">info@utterronka.om<\/a><\/p>\n<h5><strong style=\"font-style: inherit;\">Legitimaci\u00f3n. \u00bfCu\u00e1l es la legitimaci\u00f3n para el tratamiento de sus datos?<\/strong><\/h5>\n<p>La base legal para el tratamiento de sus datos est\u00e1 basada en el consentimiento que se le solicitar\u00e1 en los distintos formularios. El usuario que facilite sus datos personal a trav\u00e9s de los diferentes formularios, estar\u00e1 proporcionando voluntariamente datos de car\u00e1cter personal (en adelante Datos Personales). La informaci\u00f3n que nos facilite a trav\u00e9s de los diferentes formularios y correos electr\u00f3nicos pasar\u00e1 a ser introducida en un tratamiento automatizado bajo la responsabilidad de Oria y se mantendr\u00e1 confidencial y protegido.<\/p>\n<p>Oria informa a los usuarios que, en cumplimiento del RGPD 679\/2016, dispone de un Registro de Actividades. Por todo ello, el usuario acepta de forma expresa, plenamente y sin reservas que Oria trate sus datos personales de forma automatizada y los incorpore en un tratamiento con el fin de poder responder a las consultas que usted plantee y ofrecer sus servicios. En el ep\u00edgrafe finalidad le detallaremos ampliamente con qu\u00e9 finalidad Oria tratar\u00e1 sus datos personales.<\/p>\n<p><span style=\"background-color: rgba(0, 0, 0, 0);\">Esta pol\u00edtica de privacidad describe la recopilaci\u00f3n del uso que hacemos de su informaci\u00f3n personal. Salvo que espec\u00edficamente se establezca lo contrario, se considerar\u00e1 necesario completar todos los datos obligatorios para utilizar todos los formularios.<\/span><\/p>\n<h5><strong style=\"font-style: inherit; background-color: rgba(0, 0, 0, 0);\">Procedencia. \u00bfC\u00f3mo hemos obtenido sus datos?<\/strong><\/h5>\n<p>Toda la informaci\u00f3n personal, datos de car\u00e1cter personal, que tenemos de usted nos los ha facilitado a trav\u00e9s del formulario de inscripci\u00f3n:<\/p>\n<ul>\n<li>Fecha de nacimiento<\/li>\n<li>Pa\u00eds de nacimiento<\/li>\n<li>Izena<\/li>\n<li>Apellidos<\/li>\n<li>DNI o pasaporte<\/li>\n<li>Pa\u00eds de residencia actual<\/li>\n<li>Provincia\/Estado\/Regi\u00f3n<\/li>\n<li>Direcci\u00f3n<\/li>\n<li>Poblaci\u00f3n<\/li>\n<li>C\u00f3digo postal<\/li>\n<li>Telefonoa<\/li>\n<li>M\u00f3vil que llevar\u00e1 durante la carrera<\/li>\n<li>Correo electr\u00f3nico<\/li>\n<li>Club o equipo al que pertenece<\/li>\n<li>Si est\u00e1 federado y si dispone de seguro<\/li>\n<li>Sexo<\/li>\n<li>Talla de camiseta<\/li>\n<li>Si tendr\u00e1 asistencia en carrera<\/li>\n<li>Nombre en el dorsal<\/li>\n<li>Nombre, apellidos, parentesco y tel\u00e9fono de contacto de un tercero en caso de emergencia<\/li>\n<\/ul>\n<p>No se tratar\u00e1n datos especialmente protegidos.<\/p>\n<p>Visitar www.utterronka.com no supone que el usuario est\u00e9 obligado a facilitar informaci\u00f3n alguna sobre s\u00ed mismo.<\/p>\n<p>El usuario tendr\u00e1 la opci\u00f3n de prestar su aceptaci\u00f3n y consentimiento al tratamiento de sus datos personales por parte de Oria de conformidad con la Presente Pol\u00edtica de Protecci\u00f3n de Datos. Sin embargo, si no acepta los t\u00e9rminos de la Pol\u00edtica de Protecci\u00f3n de Datos, no podr\u00e1 utilizar los formularios.<\/p>\n<p>Oria proh\u00edbe expresamente que los menores de dieciocho a\u00f1os faciliten datos personales sin el previo consentimiento de sus padres o tutores. En caso de ser menor de dieciocho a\u00f1os y no tener este consentimiento, no facilite datos personales a Oria ni utilice nuestros servicios.<\/p>\n<p>El usuario deber\u00e1 facilitar a Oria los datos personales que se le puedan requerir al utilizar el formulario de contacto. Los datos personales ser\u00e1n tratados con el grado de protecci\u00f3n legalmente exigible para garantizar la seguridad de los mismos y evitar su alteraci\u00f3n, p\u00e9rdida, tratamiento o acceso no autorizado, teniendo en cuenta el estado de la tecnolog\u00eda, siendo el usuario consciente y aceptando que las medidas de seguridad en Internet no son inexpugnables.<\/p>\n<h5><strong style=\"font-style: inherit;\">Finalidad. \u00bfCon qu\u00e9 finalidad trataremos sus datos personales?<\/strong><\/h5>\n<p>En Oria tratamos la informaci\u00f3n que nos facilita para gestionar las inscripciones.<\/p>\n<p>En resumen, la informaci\u00f3n personal que nos facilite a trav\u00e9s del formulario de inscripci\u00f3n de utterronka.com, se mantendr\u00e1 confidencial y protegida. En ning\u00fan caso se destinar\u00e1 o utilizar\u00e1 para otros fines, no se entregar\u00e1 a terceras personas sin su consentimiento, de acuerdo con los principios de protecci\u00f3n de datos del RGPD 679\/2016. Para cumplir con las diferentes disposiciones legales, hemos establecido distintos niveles de seguridad para proteger los datos personales que nos facilite, habiendo adoptado todas las medidas t\u00e9cnicas a nuestro alcance para evitar la p\u00e9rdida, mal uso, alteraci\u00f3n, acceso no autorizado y manipulaci\u00f3n de estos datos personales.<\/p>\n<p>Nuestro compromiso:<\/p>\n<ul>\n<li>Prometemos proteger su intimidad y tratar de forma confidencial la informaci\u00f3n que proporcione.<\/li>\n<li>La informaci\u00f3n que proporcione ser\u00e1 utilizada \u00fanicamente para los servicios contratados.<\/li>\n<li>No revelaremos su informaci\u00f3n personal a terceros sin su consentimiento.<\/li>\n<\/ul>\n<p>El usuario deber\u00e1 rellenar el formulario de contacto con datos verdaderos, exactos, completos y actualizados, respondiendo de los da\u00f1os y perjuicios que pudiera ocasionar a Oria, o a terceros como consecuencia de la inobservancia de estos aspectos.<\/p>\n<h5><strong>\u00bfPor cu\u00e1nto tiempo conservaremos sus datos?<\/strong><\/h5>\n<p>Los datos de car\u00e1cter personal se conservar\u00e1n en cumplimiento de los plazos legales de prescripci\u00f3n que resulten de aplicaci\u00f3n.<\/p>\n<p>Si desea darse de baja como usuario registrar, \u00fanicamente deber\u00e1 enviar un correo electr\u00f3nico a <a href=\"mailto:info@utterronka.com\">info@utterronka.com<\/a><\/p>\n<p>Si desea darse de baja de la newsletter informativa, podr\u00e1 hacerlo de forma autom\u00e1tica desde un enlace que se integrar\u00e1 en el propio correo electr\u00f3nico.<\/p>\n<h5><strong style=\"font-style: inherit;\">Destinatarios. \u00bfA qu\u00e9 destinatarios se comunicar\u00e1n los datos?<\/strong><\/h5>\n<p>Los datos que nos env\u00ede por la web ser\u00e1n tratados por Oria y por los diferentes colaboradores y organizaciones que intervienen en una carrera: empresa de comunicaci\u00f3n, empresa de cronometraje, speakers, empresa de fotograf\u00eda y v\u00eddeo en carrera, etc.<\/p>\n<h5><strong style=\"font-style: inherit;\">Derechos. \u00bfCu\u00e1les son sus derechos cuando nos facilita datos?<\/strong><\/h5>\n<p>Cualquier persona tiene derecho a obtener confirmaci\u00f3n sobre si Oria trata con datos personales que le conciernan, o no. Las personas interesadas tendr\u00e1n derecho a acceder a sus datos personales, as\u00ed como a solicitar la rectificaci\u00f3n de los datos inexactos o, en su caso, solicitar la cancelaci\u00f3n. Tiene siempre derecho a ejercitar sus derechos de acceso, rectificaci\u00f3n, oposici\u00f3n, supresi\u00f3n, limitaci\u00f3n de tratamiento y portabilidad de los datos personales que nos haya proporcionado, establecidos en el RGPD 679\/2016. Puede hacerlo en la siguiente direcci\u00f3n: <a href=\"mailto:info@utterronka.com\">info@utterronka.com<\/a> .<\/p>\n<h5><strong style=\"font-style: inherit;\">Pol\u00edtica de cookies<\/strong><\/h5>\n<p>Las cookies son peque\u00f1os archivos que se instalan en el ordenador del usuario y que permiten al responsable de un servicio mejorar la forma de interactuar entre sus visitantes y su sitio web. En algunos casos, la instalaci\u00f3n de estas cookies requiere del consentimiento del usuario.<\/p>\n<p>Existen diferentes clases de cookies, afectadas y no afectadas por la Ley:<\/p>\n<p>Cookies no afectadas:<\/p>\n<ul>\n<li>T\u00e9cnicas: Son necesarias para la navegaci\u00f3n. Sin ellas la p\u00e1gina no funcionar\u00eda de forma adecuada.<\/li>\n<li>De personalizaci\u00f3n o configuraci\u00f3n: Permiten que la p\u00e1gina reconozca el idioma del usuario, el tama\u00f1o de las letras, etc.<\/li>\n<li>De seguridad: Impiden o dificultan los ataques contra el sitio web o sus usuarios.<\/li>\n<\/ul>\n<p>Cookies afectadas:<\/p>\n<ul>\n<li>Anal\u00edticas: Permiten medir la actividad de los usuarios y elaborar estad\u00edsticas de navegaci\u00f3n.<\/li>\n<li>Publicitarias: Gestionan la frecuencia y contenido de los anuncios.<\/li>\n<li>De seguimiento: Almacenan informaci\u00f3n sobre los usuarios para mostrarles publicidad personalizada.<\/li>\n<\/ul>\n<p>Oria informa que el sitio web utiliza Google Analytics, un servicio anal\u00edtico de web prestado por Google, Inc., una empresa de Delaware cuya oficina est\u00e1 en 1600 Amphitheatre Parkway, Mountain View (California), CA 94043, Estados Unidos (\u201cGoogle\u201d).<\/p>\n<p>Google Analytics utiliza cookies para ayudar al sitio web a analizar el uso que hacen los usuarios de la web. La informaci\u00f3n que genera la cookie sobre su uso del sitio web (incluyendo su direcci\u00f3n IP) ser\u00e1 directamente transmitida y archivada por Google en los servidores de Estados Unidos.<\/p>\n<p>Lista de cookies:<\/p>\n<p>Cuando visita www.utterronka.com, algunas cookies no las instalamos nosotros, sino terceros. Por ejemplo, si hace clic en un anuncio de un tercero que aparece en el sitio web (es decir, que anuncia un producto que no vienen directamente nosotros), este tercero puede instalar cookies en su dispositivo. Tenemos una relaci\u00f3n comercial con estos terceros pero no instalamos las cookies en su dispositivo. Por tanto sugerimos que vaya a los sitios webs de estos terceros para obtener m\u00e1s informaci\u00f3n sobre las cookies que instalan y c\u00f3mo usted puede gestionarlas. Puede usted rechazar el tratamiento de los datos o la informaci\u00f3n desactivando el uso de cookies mediante la selecci\u00f3n de la configuraci\u00f3n apropiada de su navegador, aunque, debe saber usted que si lo hace puede que no pueda utilizar la plena funcionalidad del sitio web. Al utilizar este sitio web usted consiente el tratamiento de informaci\u00f3n sobre usted por Google de la forma y con las finalidades arriba indicadas.<br \/>Para desactivar\/activar cookies en su dispositivo, deber\u00e1 hacerlo a trav\u00e9s de su navegador de Internet.<\/p>\n<h5><strong style=\"font-style: inherit;\">\u00bfC\u00f3mo desactivar\/activas las cookies de terceros?<\/strong><\/h5>\n<p>Las cookies de terceros no las instalamos nosotros. Por tanto le sugerimos que mire a los sitios web de estos terceros para obtener informaci\u00f3n sobre las cookies que instalan y c\u00f3mo las puede gestionar.<\/p>\n<p>&nbsp;<\/p><\/p>\n<\/div><\/div><\/div><\/div><\/div><!-- \/wp:post-content -->","protected":false},"excerpt":{"rendered":"","protected":false},"author":1,"featured_media":0,"parent":0,"menu_order":0,"comment_status":"closed","ping_status":"closed","template":"100-width.php","meta":{"footnotes":""},"class_list":["post-3","page","type-page","status-publish","hentry"],"_links":{"self":[{"href":"https:\/\/utterronka.com\/eu\/wp-json\/wp\/v2\/pages\/3","targetHints":{"allow":["GET"]}}],"collection":[{"href":"https:\/\/utterronka.com\/eu\/wp-json\/wp\/v2\/pages"}],"about":[{"href":"https:\/\/utterronka.com\/eu\/wp-json\/wp\/v2\/types\/page"}],"author":[{"embeddable":true,"href":"https:\/\/utterronka.com\/eu\/wp-json\/wp\/v2\/users\/1"}],"replies":[{"embeddable":true,"href":"https:\/\/utterronka.com\/eu\/wp-json\/wp\/v2\/comments?post=3"}],"version-history":[{"count":3,"href":"https:\/\/utterronka.com\/eu\/wp-json\/wp\/v2\/pages\/3\/revisions"}],"predecessor-version":[{"id":3034,"href":"https:\/\/utterronka.com\/eu\/wp-json\/wp\/v2\/pages\/3\/revisions\/3034"}],"wp:attachment":[{"href":"https:\/\/utterronka.com\/eu\/wp-json\/wp\/v2\/media?parent=3"}],"curies":[{"name":"wp","href":"https:\/\/api.w.org\/{rel}","templated":true}]}}